{"id":18,"date":"2025-02-02T13:16:34","date_gmt":"2025-02-02T13:16:34","guid":{"rendered":"https:\/\/fpnetball.pt\/en\/?page_id=18"},"modified":"2025-04-13T23:07:24","modified_gmt":"2025-04-13T23:07:24","slug":"home","status":"publish","type":"page","link":"https:\/\/fpnetball.pt\/pt\/","title":{"rendered":"home"},"content":{"rendered":"\n<div class=\"wp-block-group alignfull has-global-padding is-layout-constrained wp-container-core-group-is-layout-0ea53b28 wp-block-group-is-layout-constrained\" id=\"intro\" style=\"margin-top:0;margin-bottom:0;padding-top:0px;padding-right:0;padding-bottom:0px;padding-left:0\">\n<div class=\"wp-block-columns is-layout-flex wp-container-core-columns-is-layout-60cbf9bb wp-block-columns-is-layout-flex\" style=\"margin-top:50px\">\n<div class=\"wp-block-column is-layout-flow wp-block-column-is-layout-flow\" style=\"border-width:1px;border-radius:20px;padding-right:var(--wp--preset--spacing--30);padding-left:var(--wp--preset--spacing--30)\">\n<div class=\"wp-block-group has-global-padding is-layout-constrained wp-block-group-is-layout-constrained\">\n<div style=\"height:1px\" aria-hidden=\"true\" class=\"wp-block-spacer\"><\/div>\n\n\n\n<p class=\"has-text-align-center has-text-color has-link-color has-large-font-size wp-elements-741f57cb236a0b9386ed1c22af9ebb20\" style=\"color:#046a38\">A Nossa Vis\u00e3o<\/p>\n\n\n\n<p class=\"has-text-align-center\">Para servir os melhores interesses do netball, os seus jogadores e partes interessadas, constru\u00eddo sobre uma base de transpar\u00eancia, inclus\u00e3o e crescimento sustent\u00e1vel.<\/p>\n\n\n\n<div style=\"height:33px\" aria-hidden=\"true\" class=\"wp-block-spacer\"><\/div>\n<\/div>\n\n\n\n<div class=\"wp-block-group has-global-padding is-layout-constrained wp-block-group-is-layout-constrained\">\n<p class=\"has-text-align-center has-text-color has-link-color has-large-font-size wp-elements-5726b38efc6d5cec5cf6e66271d65f89\" style=\"border-radius:9px;color:#046a38;padding-top:6px;padding-right:0;padding-bottom:6px;padding-left:0\">A Nossa Miss\u00e3o<\/p>\n\n\n\n<p class=\"has-text-align-center\">Contribua para o crescimento sustent\u00e1vel do netball a todos os n\u00edveis, desde o desenvolvimento de base, jogos sociais at\u00e9 \u00e0s ligas profissionais.<\/p>\n\n\n\n<p class=\"has-text-align-center\">Promova uma abordagem inclusiva e orientada para a comunidade, que beneficie jogadores, treinadores, \u00e1rbitros e entusiastas.<\/p>\n<\/div>\n<\/div>\n\n\n\n<div class=\"wp-block-column is-layout-flow wp-block-column-is-layout-flow\" style=\"border-width:1px;border-radius:20px;padding-right:var(--wp--preset--spacing--30);padding-left:var(--wp--preset--spacing--30)\">\n<div class=\"wp-block-group has-global-padding is-layout-constrained wp-block-group-is-layout-constrained\">\n<div style=\"margin-top:0;margin-bottom:0;height:1px\" aria-hidden=\"true\" class=\"wp-block-spacer\"><\/div>\n\n\n\n<p class=\"has-text-align-center has-text-color has-link-color has-large-font-size wp-elements-341a8a795477afb3bb05728cb6eaccf6\" style=\"border-radius:9px;color:#046a38;padding-top:6px;padding-right:0;padding-bottom:6px;padding-left:0\">Os Nossos Valores<\/p>\n\n\n\n<p class=\"has-text-align-center\">N\u00e3o toleramos qualquer tipo de discrimina\u00e7\u00e3o com base na ascend\u00eancia, sexo, ra\u00e7a, nacionalidade, etnia, l\u00edngua, territ\u00f3rio de origem, religi\u00e3o, convic\u00e7\u00f5es pol\u00edticas ou ideol\u00f3gicas, educa\u00e7\u00e3o, situa\u00e7\u00e3o econ\u00f3mica, condi\u00e7\u00e3o social, orienta\u00e7\u00e3o sexual ou defici\u00eancia.<\/p>\n\n\n\n<p class=\"has-text-align-center\">Operaremos de acordo com os princ\u00edpios da liberdade, democracia, representatividade e transpar\u00eancia.<\/p>\n\n\n\n<p class=\"has-text-align-center\">A nossa constitui\u00e7\u00e3o defende os valores da \u00e9tica, da lealdade, da verdade desportiva e do fair play.<\/p>\n\n\n\n<p class=\"has-text-align-center\">Adotaremos pr\u00e1ticas ambientais sustent\u00e1veis \u200b\u200bem todos os eventos e nas suas opera\u00e7\u00f5es, em conformidade com os princ\u00edpios europeus de sustentabilidade e as estrat\u00e9gias definidas pelo Governo Portugu\u00eas.<\/p>\n\n\n\n<div class=\"wp-block-buttons is-content-justification-center is-layout-flex wp-container-core-buttons-is-layout-a89b3969 wp-block-buttons-is-layout-flex\">\n<div class=\"wp-block-button has-custom-width wp-block-button__width-50\"><a class=\"wp-block-button__link has-background has-text-align-center wp-element-button\" href=\"https:\/\/fpnetball.pt\/pt\/wp-content\/uploads\/2025\/02\/FPN-Estatutos.pdf\" style=\"background-color:#046a38\" target=\"_blank\" rel=\"noreferrer noopener\">Leia a Constitui\u00e7\u00e3o da FPN<\/a><\/div>\n\n\n\n<div class=\"wp-block-button has-custom-width wp-block-button__width-50\"><a class=\"wp-block-button__link has-background has-text-align-center wp-element-button\" href=\"https:\/\/fpnetball.pt\/pt\/wp-content\/uploads\/2025\/02\/Evidencia-de-publicacao.pdf\" style=\"background-color:#da291c\" target=\"_blank\" rel=\"noreferrer noopener\">Registo do Governo<\/a><\/div>\n<\/div>\n\n\n\n<p class=\"has-text-align-center has-small-font-size\"><\/p>\n<\/div>\n<\/div>\n<\/div>\n<\/div>\n\n\n\n<div class=\"wp-block-group alignfull has-ast-global-color-5-background-color has-background has-global-padding is-layout-constrained wp-container-core-group-is-layout-acce83ce wp-block-group-is-layout-constrained\" id=\"about\" style=\"padding-top:60px;padding-right:0;padding-bottom:79px;padding-left:0\">\n<div class=\"wp-block-media-text has-media-on-the-right is-stacked-on-mobile is-vertically-aligned-center\" style=\"padding-right:var(--wp--preset--spacing--50);padding-left:var(--wp--preset--spacing--20);grid-template-columns:auto 36%\"><div class=\"wp-block-media-text__content\">\n<div class=\"wp-block-group has-global-padding is-content-justification-left is-layout-constrained wp-container-core-group-is-layout-79395670 wp-block-group-is-layout-constrained\" style=\"padding-right:0px\">\n<p class=\"has-text-color has-link-color has-large-font-size wp-elements-6c6fab58f215ec603fe0d8a2c88e5f63\" style=\"color:#046a38;padding-left:var(--wp--preset--spacing--10)\">Introdu\u00e7\u00e3o<\/p>\n\n\n\n<p style=\"padding-left:var(--wp--preset--spacing--10)\">A constitui\u00e7\u00e3o e a configura\u00e7\u00e3o da dire\u00e7\u00e3o da FPN est\u00e3o oficialmente registadas no Minist\u00e9rio da Justi\u00e7a portugu\u00eas e cumprem a legisla\u00e7\u00e3o portuguesa, proporcionando assim uma s\u00f3lida base jur\u00eddica para o netball em Portugal.<\/p>\n\n\n\n<p style=\"margin-left:0;padding-right:var(--wp--preset--spacing--10);padding-left:var(--wp--preset--spacing--10)\">Para al\u00e9m da experi\u00eancia e paix\u00e3o pelo netball, a nossa atual equipa de lideran\u00e7a \u00e9 composta por profissionais experientes em finan\u00e7as, direito, TI, gest\u00e3o de risco, governan\u00e7a corporativa e associa\u00e7\u00f5es sem fins lucrativos.<\/p>\n\n\n\n<p style=\"padding-left:var(--wp--preset--spacing--10)\">Incentivamos a participa\u00e7\u00e3o ativa dos membros atrav\u00e9s de comiss\u00f5es de trabalho e fun\u00e7\u00f5es de aconselhamento, e atrav\u00e9s da participa\u00e7\u00e3o na Assembleia Geral, onde o voto de cada membro orientar\u00e1 o rumo futuro da FPN.<\/p>\n<\/div>\n<\/div><figure class=\"wp-block-media-text__media\"><img loading=\"lazy\" decoding=\"async\" width=\"917\" height=\"645\" src=\"https:\/\/fpnetball.pt\/pt\/wp-content\/uploads\/2025\/02\/meeting1.png\" alt=\"\" class=\"wp-image-329 size-full\" srcset=\"https:\/\/fpnetball.pt\/pt\/wp-content\/uploads\/2025\/02\/meeting1.png 917w, https:\/\/fpnetball.pt\/pt\/wp-content\/uploads\/2025\/02\/meeting1-300x211.png 300w, https:\/\/fpnetball.pt\/pt\/wp-content\/uploads\/2025\/02\/meeting1-768x540.png 768w\" sizes=\"auto, (max-width: 917px) 100vw, 917px\" \/><\/figure><\/div>\n<\/div>\n\n\n\n<div class=\"wp-block-group alignfull has-background is-layout-flow wp-container-core-group-is-layout-ca710b7e wp-block-group-is-layout-flow\" id=\"contact\" style=\"border-style:none;border-width:0px;background:linear-gradient(180deg,rgba(217,41,28,0.48) 0%,rgb(249,249,249) 100%);margin-top:0;margin-bottom:0;padding-top:64px;padding-right:0;padding-bottom:48px\">\n<p class=\"has-text-align-center has-text-color has-link-color has-large-font-size wp-elements-29f5063988d0bbc07450c7cc619ed67c\" style=\"color:#046a38\">Fale connosco!<\/p>\n\n\n\n<p class=\"has-text-align-center\">Diga-nos como gostaria de ver o netball crescer em Portugal. Ou, para mais informa\u00e7\u00f5es sobre o FPN, contacte-nos por e-mail:<\/p>\n\n\n\n<p class=\"has-text-align-center\"><a href=\"mailto:info@fpnetball.pt\">info@fpnetball.pt<\/a><\/p>\n\n\n\n<p class=\"has-text-align-center\"><a href=\"mailto:presidente@fpnetball.pt\" data-type=\"mailto\" data-id=\"mailto:presidente@fpnetball.pt\">presidente@fpnetball.pt<\/a><\/p>\n\n\n\n<p class=\"has-text-align-center\"><a href=\"mailto:secretario@fpnetball.pt\" data-type=\"mailto\" data-id=\"mailto:secretario@fpnetball.pt\">secret\u00e1rio@fpnetball.pt<\/a><\/p>\n\n\n\n<p><\/p>\n\n\n\n<p class=\"has-text-align-center\">Rua dos Combatentes da Grande Guerra, 6 , 8600-578 Lagos<\/p>\n<\/div>\n\n\n\n<p><\/p>\n","protected":false},"excerpt":{"rendered":"<p>A Nossa Vis\u00e3o Para servir os melhores interesses do netball, os seus jogadores e partes interessadas, constru\u00eddo sobre uma base de transpar\u00eancia, inclus\u00e3o e crescimento sustent\u00e1vel. A Nossa Miss\u00e3o Contribua para o crescimento sustent\u00e1vel do netball a todos os n\u00edveis, desde o desenvolvimento de base, jogos sociais at\u00e9 \u00e0s ligas profissionais. Promova uma abordagem inclusiva [&hellip;]<\/p>\n","protected":false},"author":1,"featured_media":34,"parent":0,"menu_order":0,"comment_status":"closed","ping_status":"closed","template":"","meta":{"footnotes":""},"class_list":["post-18","page","type-page","status-publish","has-post-thumbnail","hentry"],"_links":{"self":[{"href":"https:\/\/fpnetball.pt\/pt\/wp-json\/wp\/v2\/pages\/18","targetHints":{"allow":["GET"]}}],"collection":[{"href":"https:\/\/fpnetball.pt\/pt\/wp-json\/wp\/v2\/pages"}],"about":[{"href":"https:\/\/fpnetball.pt\/pt\/wp-json\/wp\/v2\/types\/page"}],"author":[{"embeddable":true,"href":"https:\/\/fpnetball.pt\/pt\/wp-json\/wp\/v2\/users\/1"}],"replies":[{"embeddable":true,"href":"https:\/\/fpnetball.pt\/pt\/wp-json\/wp\/v2\/comments?post=18"}],"version-history":[{"count":6,"href":"https:\/\/fpnetball.pt\/pt\/wp-json\/wp\/v2\/pages\/18\/revisions"}],"predecessor-version":[{"id":392,"href":"https:\/\/fpnetball.pt\/pt\/wp-json\/wp\/v2\/pages\/18\/revisions\/392"}],"wp:featuredmedia":[{"embeddable":true,"href":"https:\/\/fpnetball.pt\/pt\/wp-json\/wp\/v2\/media\/34"}],"wp:attachment":[{"href":"https:\/\/fpnetball.pt\/pt\/wp-json\/wp\/v2\/media?parent=18"}],"curies":[{"name":"wp","href":"https:\/\/api.w.org\/{rel}","templated":true}]}}